{"id":12749,"date":"2021-11-24T15:00:49","date_gmt":"2021-11-24T15:00:49","guid":{"rendered":"https:\/\/hn-int.com\/?page_id=12749"},"modified":"2021-12-01T11:07:25","modified_gmt":"2021-12-01T11:07:25","slug":"kai","status":"publish","type":"page","link":"https:\/\/hn-int.com\/es\/kai\/","title":{"rendered":"KAI"},"content":{"rendered":"<div class=\"row\">\n<h3>KAI \u2013 Su asistente para granjas de ponedoras 4.0<\/h3>\n<\/div>\n<div class=\"row\">\n<h2>Bienvenido a un futuro m\u00e1s brillante y pr\u00f3spero con KAI, su asistente de cultivo de ponedoras. \u00bfQu\u00e9 es KAI? \u00bfO m\u00e1s bien qui\u00e9n?<\/h2>\n<p>&nbsp;<\/p>\n<div style=\"width: 80%;\"><div class=\"align wp-block-svp-video-player\" id='svpVideoPlayer-1' data-attributes='{&quot;align&quot;:&quot;&quot;,&quot;options&quot;:{&quot;controls&quot;:{&quot;play-large&quot;:true,&quot;restart&quot;:true,&quot;rewind&quot;:true,&quot;play&quot;:true,&quot;fast-forward&quot;:true,&quot;progress&quot;:true,&quot;current-time&quot;:true,&quot;mute&quot;:true,&quot;volume&quot;:true,&quot;captions&quot;:true,&quot;settings&quot;:true,&quot;pip&quot;:true,&quot;download&quot;:true,&quot;fullscreen&quot;:true},&quot;autoPlay&quot;:true,&quot;clickToPlay&quot;:true,&quot;muted&quot;:true,&quot;volume&quot;:0.5,&quot;seekTime&quot;:10,&quot;repeat&quot;:true,&quot;isAutoNextVideo&quot;:false,&quot;toolTip&quot;:true,&quot;isControl&quot;:true,&quot;shadowControl&quot;:true},&quot;videos&quot;:[{&quot;src&quot;:&quot;https:\\\/\\\/player.vimeo.com\\\/external\\\/645989369.hd.mp4?s=48eff87763847382770198f94045e6b4972b89bb&amp;profile_id=175&quot;,&quot;title&quot;:&quot;type your video title here&quot;,&quot;poster&quot;:&quot;https:\\\/\\\/hn-int.com\\\/wp-content\\\/uploads\\\/2021\\\/10\\\/mockup-kai-v4.jpg&quot;,&quot;description&quot;:&quot;Don\\u2019t forget to like, comment, and subscribe for more fun episodes!&quot;,&quot;customDownloadButton&quot;:false,&quot;isCustomTitle&quot;:false,&quot;customDownloadUrl&quot;:&quot;&quot;,&quot;qualities&quot;:[],&quot;captions&quot;:[]}],&quot;videoSize&quot;:{&quot;width&quot;:{&quot;desktop&quot;:&quot;100%&quot;,&quot;tablet&quot;:&quot;100%&quot;,&quot;mobile&quot;:&quot;100%&quot;},&quot;height&quot;:{&quot;desktop&quot;:&quot;&quot;,&quot;tablet&quot;:&quot;&quot;,&quot;mobile&quot;:&quot;&quot;}},&quot;thumbnailSize&quot;:{&quot;width&quot;:{&quot;desktop&quot;:&quot;100%&quot;,&quot;tablet&quot;:&quot;100%&quot;,&quot;mobile&quot;:&quot;100%&quot;},&quot;height&quot;:{&quot;desktop&quot;:&quot;82px&quot;,&quot;tablet&quot;:&quot;&quot;,&quot;mobile&quot;:&quot;&quot;}},&quot;playlist&quot;:false,&quot;themes&quot;:{&quot;theme&quot;:&quot;default&quot;},&quot;tabStyles&quot;:{&quot;activeBg&quot;:&quot;#334155&quot;,&quot;activeTitleColor&quot;:&quot;#fff&quot;,&quot;activeDesColor&quot;:&quot;#fff&quot;,&quot;inactiveBg&quot;:&quot;#F0F5FA&quot;,&quot;inactiveTitleColor&quot;:&quot;#3D8D7A&quot;,&quot;inactiveDesColor&quot;:&quot;#585a5c&quot;,&quot;durationTimeColor&quot;:&quot;#fff&quot;,&quot;durationBg&quot;:&quot;#000&quot;},&quot;captionstyles&quot;:{&quot;color&quot;:&quot;#ffffff&quot;,&quot;bg&quot;:&quot;rgba(0,0,0,0.7)&quot;},&quot;captionTypo&quot;:{&quot;fontSize&quot;:{&quot;desktop&quot;:&quot;18px&quot;,&quot;tablet&quot;:&quot;18px&quot;,&quot;mobile&quot;:&quot;18px&quot;},&quot;fontFamily&quot;:&quot;inherit&quot;,&quot;lineHeight&quot;:&quot;1.4&quot;,&quot;fontWeight&quot;:&quot;400&quot;,&quot;textTransform&quot;:&quot;none&quot;},&quot;titleTypo&quot;:{&quot;fontSize&quot;:{&quot;desktop&quot;:15,&quot;tablet&quot;:13,&quot;mobile&quot;:12}},&quot;descriptionTypo&quot;:{&quot;fontSize&quot;:{&quot;desktop&quot;:14,&quot;tablet&quot;:12,&quot;mobile&quot;:10}},&quot;durationTypo&quot;:{&quot;fontSize&quot;:{&quot;desktop&quot;:14,&quot;tablet&quot;:12,&quot;mobile&quot;:10}},&quot;viewersTypo&quot;:{&quot;fontSize&quot;:{&quot;desktop&quot;:14,&quot;tablet&quot;:12,&quot;mobile&quot;:10}},&quot;alignment&quot;:&quot;center&quot;,&quot;textAlign&quot;:&quot;center&quot;,&quot;background&quot;:{&quot;color&quot;:&quot;#0000&quot;},&quot;scrollBg&quot;:&quot;#3D8D7A&quot;,&quot;content&quot;:&quot;Content of the block&quot;,&quot;typography&quot;:{&quot;fontSize&quot;:20},&quot;color&quot;:&quot;#333&quot;,&quot;colors&quot;:{&quot;color&quot;:&quot;#333&quot;,&quot;bg&quot;:&quot;#fff&quot;},&quot;img&quot;:{&quot;id&quot;:null,&quot;url&quot;:&quot;&quot;,&quot;alt&quot;:&quot;&quot;,&quot;title&quot;:&quot;&quot;},&quot;padding&quot;:{&quot;top&quot;:&quot;15px&quot;,&quot;right&quot;:&quot;30px&quot;,&quot;bottom&quot;:&quot;15px&quot;,&quot;left&quot;:&quot;30px&quot;},&quot;margin&quot;:{&quot;top&quot;:&quot;0px&quot;,&quot;right&quot;:&quot;0px&quot;,&quot;bottom&quot;:&quot;15px&quot;,&quot;left&quot;:&quot;0px&quot;},&quot;border&quot;:{&quot;width&quot;:&quot;0px&quot;,&quot;style&quot;:&quot;solid&quot;,&quot;color&quot;:&quot;#000000&quot;,&quot;radius&quot;:&quot;0px&quot;},&quot;shadow&quot;:[],&quot;layout&quot;:&quot;vertical&quot;}'><\/div><\/div>\n<div>Para obtener informaci\u00f3n y consultas, p\u00f3ngase en contacto con <a href=\"mailto:marketing@hn-int.com\">marketing@hn-int.com<\/a><\/div>\n<p><!--\n\n\n<div class=\"col-1-2 padding\">\n<strong>Tutorial Videos<\/strong>\n<em class=\"tutorial\">KAI is intuitive to use. If you can operate your mobile phone, you can also handle KAI. Yet, if you like to first see what KAI can do and how many functions there are for you to benefit from click through our tutorial videos<\/em>\n\n\n<div id=\"tabKAI\" class=\"row2\">\n\n\n<div class=\"col2\">\n\n\n<div class=\"tabs2\">\n\n\n<div class=\"tab2\">\n\n<input type=\"radio\" id=\"rd1\" name=\"rd\"><label class=\"tab2-label\" for=\"rd1\">Get started and set up KAI as your personal assistant<\/label>\n\n\n<div class=\"tab2-content\">[vplayer id='12137']<\/div>\n\n\n<\/div>\n\n\n\n\n<div class=\"tab2\">\n\n<input type=\"radio\" id=\"rd2\" name=\"rd\"><label class=\"tab2-label\" for=\"rd2\">Insert flock data<\/label>\n\n\n<div class=\"tab2-content\">video 2<\/div>\n\n\n<\/div>\n\n\n\n\n<div class=\"tab2\">\n\n<input type=\"radio\" id=\"rd3\" name=\"rd\"><label class=\"tab2-label\" for=\"rd3\">Transfer data to computer<\/label>\n\n\n<div class=\"tab2-content\">video 3<\/div>\n\n\n<\/div>\n\n\n\n\n<div class=\"tab2\">\n\n<input type=\"radio\" id=\"rd4\" name=\"rd\"><label class=\"tab2-label\" for=\"rd4\">Limit access and set up tiered levels for various users<\/label>\n\n\n<div class=\"tab2-content\">video 4<\/div>\n\n\n<\/div>\n\n\n\n\n<div class=\"tab2\"><input type=\"radio\" id=\"rd5\" name=\"rd\"><label for=\"rd5\" class=\"tab2-close\">Close all &times;<\/label><\/div>\n\n\n<\/div>\n\n\n<\/div>\n\n\n<\/div>\n\n\n<\/div>\n\n\n--><\/p>\n<\/div>\n","protected":false},"excerpt":{"rendered":"<p>KAI \u2013 Su asistente para granjas de ponedoras 4.0 Bienvenido a un futuro m\u00e1s brillante y pr\u00f3spero con KAI, su asistente de cultivo de ponedoras. \u00bfQu\u00e9 es KAI? \u00bfO m\u00e1s bien qui\u00e9n? &nbsp; Para obtener informaci\u00f3n y consultas, p\u00f3ngase en contacto con marketing@hn-int.com<\/p>\n","protected":false},"author":1483,"featured_media":0,"parent":0,"menu_order":0,"comment_status":"closed","ping_status":"closed","template":"template-kai2.php","meta":{"_acf_changed":false,"ngg_post_thumbnail":0,"footnotes":""},"class_list":["post-12749","page","type-page","status-publish","hentry"],"acf":[],"yoast_head":"<!-- This site is optimized with the Yoast SEO plugin v26.8 - https:\/\/yoast.com\/product\/yoast-seo-wordpress\/ -->\n<title>KAI - h&amp;n International<\/title>\n<meta name=\"robots\" content=\"index, follow, max-snippet:-1, max-image-preview:large, max-video-preview:-1\" \/>\n<link rel=\"canonical\" href=\"https:\/\/hn-int.com\/es\/kai\/\" \/>\n<meta property=\"og:locale\" content=\"es_ES\" \/>\n<meta property=\"og:type\" content=\"article\" \/>\n<meta property=\"og:title\" content=\"KAI - h&amp;n International\" \/>\n<meta property=\"og:description\" content=\"KAI \u2013 Su asistente para granjas de ponedoras 4.0 Bienvenido a un futuro m\u00e1s brillante y pr\u00f3spero con KAI, su asistente de cultivo de ponedoras. \u00bfQu\u00e9 es KAI? \u00bfO m\u00e1s bien qui\u00e9n? &nbsp; Para obtener informaci\u00f3n y consultas, p\u00f3ngase en contacto con marketing@hn-int.com\" \/>\n<meta property=\"og:url\" content=\"https:\/\/hn-int.com\/es\/kai\/\" \/>\n<meta property=\"og:site_name\" content=\"h&amp;n International\" \/>\n<meta property=\"article:modified_time\" content=\"2021-12-01T11:07:25+00:00\" \/>\n<meta name=\"twitter:card\" content=\"summary_large_image\" \/>\n<meta name=\"twitter:label1\" content=\"Tiempo de lectura\" \/>\n\t<meta name=\"twitter:data1\" content=\"1 minuto\" \/>\n<script type=\"application\/ld+json\" class=\"yoast-schema-graph\">{\"@context\":\"https:\/\/schema.org\",\"@graph\":[{\"@type\":\"WebPage\",\"@id\":\"https:\/\/hn-int.com\/es\/kai\/\",\"url\":\"https:\/\/hn-int.com\/es\/kai\/\",\"name\":\"KAI - h&amp;n International\",\"isPartOf\":{\"@id\":\"https:\/\/hn-int.com\/es\/#website\"},\"datePublished\":\"2021-11-24T15:00:49+00:00\",\"dateModified\":\"2021-12-01T11:07:25+00:00\",\"breadcrumb\":{\"@id\":\"https:\/\/hn-int.com\/es\/kai\/#breadcrumb\"},\"inLanguage\":\"es\",\"potentialAction\":[{\"@type\":\"ReadAction\",\"target\":[\"https:\/\/hn-int.com\/es\/kai\/\"]}]},{\"@type\":\"BreadcrumbList\",\"@id\":\"https:\/\/hn-int.com\/es\/kai\/#breadcrumb\",\"itemListElement\":[{\"@type\":\"ListItem\",\"position\":1,\"name\":\"Home\",\"item\":\"https:\/\/hn-int.com\/es\/\"},{\"@type\":\"ListItem\",\"position\":2,\"name\":\"KAI\"}]},{\"@type\":\"WebSite\",\"@id\":\"https:\/\/hn-int.com\/es\/#website\",\"url\":\"https:\/\/hn-int.com\/es\/\",\"name\":\"h&n International\",\"description\":\"H&amp;N International genetics and health research staffs worked for many years to produce layers with excellent production rate, liveability, feed conversion, ...\",\"publisher\":{\"@id\":\"https:\/\/hn-int.com\/es\/#organization\"},\"potentialAction\":[{\"@type\":\"SearchAction\",\"target\":{\"@type\":\"EntryPoint\",\"urlTemplate\":\"https:\/\/hn-int.com\/es\/?s={search_term_string}\"},\"query-input\":{\"@type\":\"PropertyValueSpecification\",\"valueRequired\":true,\"valueName\":\"search_term_string\"}}],\"inLanguage\":\"es\"},{\"@type\":\"Organization\",\"@id\":\"https:\/\/hn-int.com\/es\/#organization\",\"name\":\"H&N Internacional\",\"url\":\"https:\/\/hn-int.com\/es\/\",\"logo\":{\"@type\":\"ImageObject\",\"inLanguage\":\"es\",\"@id\":\"https:\/\/hn-int.com\/es\/#\/schema\/logo\/image\/\",\"url\":\"https:\/\/hn-int.com\/wp-content\/uploads\/2020\/09\/wp-favicon.png\",\"contentUrl\":\"https:\/\/hn-int.com\/wp-content\/uploads\/2020\/09\/wp-favicon.png\",\"width\":512,\"height\":512,\"caption\":\"H&N Internacional\"},\"image\":{\"@id\":\"https:\/\/hn-int.com\/es\/#\/schema\/logo\/image\/\"}}]}<\/script>\n<!-- \/ Yoast SEO plugin. -->","yoast_head_json":{"title":"KAI - h&amp;n International","robots":{"index":"index","follow":"follow","max-snippet":"max-snippet:-1","max-image-preview":"max-image-preview:large","max-video-preview":"max-video-preview:-1"},"canonical":"https:\/\/hn-int.com\/es\/kai\/","og_locale":"es_ES","og_type":"article","og_title":"KAI - h&amp;n International","og_description":"KAI \u2013 Su asistente para granjas de ponedoras 4.0 Bienvenido a un futuro m\u00e1s brillante y pr\u00f3spero con KAI, su asistente de cultivo de ponedoras. \u00bfQu\u00e9 es KAI? \u00bfO m\u00e1s bien qui\u00e9n? &nbsp; Para obtener informaci\u00f3n y consultas, p\u00f3ngase en contacto con marketing@hn-int.com","og_url":"https:\/\/hn-int.com\/es\/kai\/","og_site_name":"h&amp;n International","article_modified_time":"2021-12-01T11:07:25+00:00","twitter_card":"summary_large_image","twitter_misc":{"Tiempo de lectura":"1 minuto"},"schema":{"@context":"https:\/\/schema.org","@graph":[{"@type":"WebPage","@id":"https:\/\/hn-int.com\/es\/kai\/","url":"https:\/\/hn-int.com\/es\/kai\/","name":"KAI - h&amp;n International","isPartOf":{"@id":"https:\/\/hn-int.com\/es\/#website"},"datePublished":"2021-11-24T15:00:49+00:00","dateModified":"2021-12-01T11:07:25+00:00","breadcrumb":{"@id":"https:\/\/hn-int.com\/es\/kai\/#breadcrumb"},"inLanguage":"es","potentialAction":[{"@type":"ReadAction","target":["https:\/\/hn-int.com\/es\/kai\/"]}]},{"@type":"BreadcrumbList","@id":"https:\/\/hn-int.com\/es\/kai\/#breadcrumb","itemListElement":[{"@type":"ListItem","position":1,"name":"Home","item":"https:\/\/hn-int.com\/es\/"},{"@type":"ListItem","position":2,"name":"KAI"}]},{"@type":"WebSite","@id":"https:\/\/hn-int.com\/es\/#website","url":"https:\/\/hn-int.com\/es\/","name":"h&n International","description":"H&amp;N International genetics and health research staffs worked for many years to produce layers with excellent production rate, liveability, feed conversion, ...","publisher":{"@id":"https:\/\/hn-int.com\/es\/#organization"},"potentialAction":[{"@type":"SearchAction","target":{"@type":"EntryPoint","urlTemplate":"https:\/\/hn-int.com\/es\/?s={search_term_string}"},"query-input":{"@type":"PropertyValueSpecification","valueRequired":true,"valueName":"search_term_string"}}],"inLanguage":"es"},{"@type":"Organization","@id":"https:\/\/hn-int.com\/es\/#organization","name":"H&N Internacional","url":"https:\/\/hn-int.com\/es\/","logo":{"@type":"ImageObject","inLanguage":"es","@id":"https:\/\/hn-int.com\/es\/#\/schema\/logo\/image\/","url":"https:\/\/hn-int.com\/wp-content\/uploads\/2020\/09\/wp-favicon.png","contentUrl":"https:\/\/hn-int.com\/wp-content\/uploads\/2020\/09\/wp-favicon.png","width":512,"height":512,"caption":"H&N Internacional"},"image":{"@id":"https:\/\/hn-int.com\/es\/#\/schema\/logo\/image\/"}}]}},"_links":{"self":[{"href":"https:\/\/hn-int.com\/es\/wp-json\/wp\/v2\/pages\/12749","targetHints":{"allow":["GET"]}}],"collection":[{"href":"https:\/\/hn-int.com\/es\/wp-json\/wp\/v2\/pages"}],"about":[{"href":"https:\/\/hn-int.com\/es\/wp-json\/wp\/v2\/types\/page"}],"author":[{"embeddable":true,"href":"https:\/\/hn-int.com\/es\/wp-json\/wp\/v2\/users\/1483"}],"replies":[{"embeddable":true,"href":"https:\/\/hn-int.com\/es\/wp-json\/wp\/v2\/comments?post=12749"}],"version-history":[{"count":0,"href":"https:\/\/hn-int.com\/es\/wp-json\/wp\/v2\/pages\/12749\/revisions"}],"wp:attachment":[{"href":"https:\/\/hn-int.com\/es\/wp-json\/wp\/v2\/media?parent=12749"}],"curies":[{"name":"wp","href":"https:\/\/api.w.org\/{rel}","templated":true}]}}